{"id":24677,"date":"2021-05-05T11:12:41","date_gmt":"2021-05-05T11:12:41","guid":{"rendered":"https:\/\/theophany.ee\/kontaktid\/"},"modified":"2025-10-13T06:21:45","modified_gmt":"2025-10-13T06:21:45","slug":"kontaktid","status":"publish","type":"page","link":"https:\/\/theophany.ee\/et\/kontaktid\/","title":{"rendered":"Kontaktid"},"content":{"rendered":"\t\t<div data-elementor-type=\"wp-page\" data-elementor-id=\"24677\" class=\"elementor elementor-24677 elementor-1453\" data-elementor-post-type=\"page\">\n\t\t\t\t\t\t<section class=\"elementor-section elementor-top-section elementor-element elementor-element-c9f77d9 scheme_default elementor-section-boxed elementor-section-height-default elementor-section-height-default sc_fly_static\" data-id=\"c9f77d9\" data-element_type=\"section\" data-e-type=\"section\" data-settings=\"{&quot;background_background&quot;:&quot;classic&quot;}\">\n\t\t\t\t\t\t<div class=\"elementor-container elementor-column-gap-extended\">\n\t\t\t\t\t<div class=\"elementor-column elementor-col-100 elementor-top-column elementor-element elementor-element-487875bf sc_content_align_inherit sc_layouts_column_icons_position_left sc_fly_static\" data-id=\"487875bf\" data-element_type=\"column\" data-e-type=\"column\">\n\t\t\t<div class=\"elementor-widget-wrap elementor-element-populated\">\n\t\t\t\t\t\t<div class=\"elementor-element elementor-element-6d4d1bb sc_fly_static elementor-widget elementor-widget-heading\" data-id=\"6d4d1bb\" data-element_type=\"widget\" data-e-type=\"widget\" data-widget_type=\"heading.default\">\n\t\t\t\t<div class=\"elementor-widget-container\">\n\t\t\t\t\t<h2 class=\"elementor-heading-title elementor-size-default\">Kontaktid<\/h2>\t\t\t\t<\/div>\n\t\t\t\t<\/div>\n\t\t\t\t<section class=\"elementor-section elementor-inner-section elementor-element elementor-element-2d6a3220 elementor-section-boxed elementor-section-height-default elementor-section-height-default sc_fly_static\" data-id=\"2d6a3220\" data-element_type=\"section\" data-e-type=\"section\">\n\t\t\t\t\t\t<div class=\"elementor-container elementor-column-gap-no\">\n\t\t\t\t\t<div class=\"elementor-column elementor-col-100 elementor-inner-column elementor-element elementor-element-d0d593e sc_content_align_inherit sc_layouts_column_icons_position_left sc_fly_static\" data-id=\"d0d593e\" data-element_type=\"column\" data-e-type=\"column\">\n\t\t\t<div class=\"elementor-widget-wrap\">\n\t\t\t\t\t\t\t<\/div>\n\t\t<\/div>\n\t\t\t\t\t<\/div>\n\t\t<\/section>\n\t\t\t\t<div class=\"elementor-element elementor-element-5d6a487d sc_fly_static elementor-widget elementor-widget-trx_sc_icons\" data-id=\"5d6a487d\" data-element_type=\"widget\" data-e-type=\"widget\" data-widget_type=\"trx_sc_icons.default\">\n\t\t\t\t<div class=\"elementor-widget-container\">\n\t\t\t\t\t<div \tclass=\"sc_icons sc_icons_extra sc_icons_size_large sc_align_center\" ><div class=\"sc_icons_item sc_icons_item_linked with_more\"><div class=\"sc_icons_icon sc_icon_type_images\" style=\"color: #F2E8E6\" ><img fetchpriority=\"high\" decoding=\"async\" class=\"sc_icon_as_image\" src=\"https:\/\/theophany.ee\/wp-content\/uploads\/2025\/05\/church300-1.png\" alt=\"Icon\" width=\"300\" height=\"300\"><\/div><div class=\"sc_icons_item_details\"><h4 class=\"sc_icons_item_title\"><a href=\"#\">\n                                    EK\u00d5K J\u00d5HVI JUMALAILMUMISE KOGUDUS                                    <\/a><\/h4><div class=\"sc_icons_item_description\"><span>Reg. nr. 80202278<\/span><span>Narva mnt. 2, 41531 J\u00f5hvi, Eesti<\/span><span>tel +372 335 2138<\/span><span>e-mail: johvi.hram@gmail.com<\/span><span>a\/a IBAN EE212200001120022925 Swedbank AS, SWIFT: HABAEE2X<\/span><\/div><a href=\"#\" class=\"sc_icons_item_more_link\">\n                        <span class=\"link_text\">\u043f\u043e\u0434\u0440\u043e\u0431\u043d\u0435\u0435<\/span><span class=\"link_icon\"><\/span>\n                        <\/a><a href=\"#\"\n                        class=\"sc_icons_item_link\">\n                        <\/a><\/div><\/div><\/div><!-- \/.sc_icons -->\t\t\t\t<\/div>\n\t\t\t\t<\/div>\n\t\t\t\t<div class=\"elementor-element elementor-element-57e61c5 sc_height_huge sc_fly_static elementor-widget elementor-widget-spacer\" data-id=\"57e61c5\" data-element_type=\"widget\" data-e-type=\"widget\" data-widget_type=\"spacer.default\">\n\t\t\t\t<div class=\"elementor-widget-container\">\n\t\t\t\t\t\t\t<div class=\"elementor-spacer\">\n\t\t\t<div class=\"elementor-spacer-inner\"><\/div>\n\t\t<\/div>\n\t\t\t\t\t\t<\/div>\n\t\t\t\t<\/div>\n\t\t\t\t\t<\/div>\n\t\t<\/div>\n\t\t\t\t\t<\/div>\n\t\t<\/section>\n\t\t\t\t<section class=\"elementor-section elementor-top-section elementor-element elementor-element-2efbd6e3 scheme_default elementor-section-boxed elementor-section-height-default elementor-section-height-default sc_fly_static\" data-id=\"2efbd6e3\" data-element_type=\"section\" data-e-type=\"section\" data-settings=\"{&quot;background_background&quot;:&quot;classic&quot;}\">\n\t\t\t\t\t\t<div class=\"elementor-container elementor-column-gap-extended\">\n\t\t\t\t\t<div class=\"elementor-column elementor-col-100 elementor-top-column elementor-element elementor-element-6107455 sc_content_align_inherit sc_layouts_column_icons_position_left sc_fly_static\" data-id=\"6107455\" data-element_type=\"column\" data-e-type=\"column\">\n\t\t\t<div class=\"elementor-widget-wrap elementor-element-populated\">\n\t\t\t\t\t\t<div class=\"elementor-element elementor-element-527c1067 sc_height_small sc_fly_static elementor-widget elementor-widget-spacer\" data-id=\"527c1067\" data-element_type=\"widget\" data-e-type=\"widget\" data-widget_type=\"spacer.default\">\n\t\t\t\t<div class=\"elementor-widget-container\">\n\t\t\t\t\t\t\t<div class=\"elementor-spacer\">\n\t\t\t<div class=\"elementor-spacer-inner\"><\/div>\n\t\t<\/div>\n\t\t\t\t\t\t<\/div>\n\t\t\t\t<\/div>\n\t\t\t\t<div class=\"elementor-element elementor-element-af5c213 sc_fly_static elementor-widget elementor-widget-google_maps\" data-id=\"af5c213\" data-element_type=\"widget\" data-e-type=\"widget\" data-widget_type=\"google_maps.default\">\n\t\t\t\t<div class=\"elementor-widget-container\">\n\t\t\t\t\t\t\t<div class=\"elementor-custom-embed\">\n\t\t\t<iframe loading=\"lazy\"\n\t\t\t\t\tsrc=\"https:\/\/maps.google.com\/maps?q=Narva%20mnt.%202%2C%2041531%20J%C3%B5hvi&#038;t=m&#038;z=10&#038;output=embed&#038;iwloc=near\"\n\t\t\t\t\ttitle=\"Narva mnt. 2, 41531 J\u00f5hvi\"\n\t\t\t\t\taria-label=\"Narva mnt. 2, 41531 J\u00f5hvi\"\n\t\t\t><\/iframe>\n\t\t<\/div>\n\t\t\t\t\t\t<\/div>\n\t\t\t\t<\/div>\n\t\t\t\t<div class=\"elementor-element elementor-element-910914a sc_fly_static elementor-widget elementor-widget-spacer\" data-id=\"910914a\" data-element_type=\"widget\" data-e-type=\"widget\" data-widget_type=\"spacer.default\">\n\t\t\t\t<div class=\"elementor-widget-container\">\n\t\t\t\t\t\t\t<div class=\"elementor-spacer\">\n\t\t\t<div class=\"elementor-spacer-inner\"><\/div>\n\t\t<\/div>\n\t\t\t\t\t\t<\/div>\n\t\t\t\t<\/div>\n\t\t\t\t\t<\/div>\n\t\t<\/div>\n\t\t\t\t\t<\/div>\n\t\t<\/section>\n\t\t\t\t<section class=\"elementor-section elementor-top-section elementor-element elementor-element-a78ee50 elementor-section-boxed elementor-section-height-default elementor-section-height-default sc_fly_static\" data-id=\"a78ee50\" data-element_type=\"section\" data-e-type=\"section\">\n\t\t\t\t\t\t<div class=\"elementor-container elementor-column-gap-extended\">\n\t\t\t\t\t<div class=\"elementor-column elementor-col-100 elementor-top-column elementor-element elementor-element-40f11af sc_content_align_inherit sc_layouts_column_icons_position_left sc_fly_static\" data-id=\"40f11af\" data-element_type=\"column\" data-e-type=\"column\">\n\t\t\t<div class=\"elementor-widget-wrap\">\n\t\t\t\t\t\t\t<\/div>\n\t\t<\/div>\n\t\t\t\t\t<\/div>\n\t\t<\/section>\n\t\t\t\t<\/div>\n\t\t","protected":false},"excerpt":{"rendered":"<p>Kontaktid EK\u00d5K J\u00d5HVI JUMALAILMUMISE KOGUDUS Reg. nr. 80202278Narva mnt. 2, 41531 J\u00f5hvi, Eestitel +372 335 2138e-mail: johvi.hram@gmail.coma\/a IBAN EE212200001120022925 Swedbank AS, SWIFT: HABAEE2X \u043f\u043e\u0434\u0440\u043e\u0431\u043d\u0435\u0435<\/p>\n","protected":false},"author":1,"featured_media":0,"parent":0,"menu_order":0,"comment_status":"closed","ping_status":"closed","template":"","meta":{"give_campaign_id":0,"footnotes":""},"class_list":["post-24677","page","type-page","status-publish","hentry"],"campaignId":"","_links":{"self":[{"href":"https:\/\/theophany.ee\/et\/wp-json\/wp\/v2\/pages\/24677","targetHints":{"allow":["GET"]}}],"collection":[{"href":"https:\/\/theophany.ee\/et\/wp-json\/wp\/v2\/pages"}],"about":[{"href":"https:\/\/theophany.ee\/et\/wp-json\/wp\/v2\/types\/page"}],"author":[{"embeddable":true,"href":"https:\/\/theophany.ee\/et\/wp-json\/wp\/v2\/users\/1"}],"replies":[{"embeddable":true,"href":"https:\/\/theophany.ee\/et\/wp-json\/wp\/v2\/comments?post=24677"}],"version-history":[{"count":12,"href":"https:\/\/theophany.ee\/et\/wp-json\/wp\/v2\/pages\/24677\/revisions"}],"predecessor-version":[{"id":26140,"href":"https:\/\/theophany.ee\/et\/wp-json\/wp\/v2\/pages\/24677\/revisions\/26140"}],"wp:attachment":[{"href":"https:\/\/theophany.ee\/et\/wp-json\/wp\/v2\/media?parent=24677"}],"curies":[{"name":"wp","href":"https:\/\/api.w.org\/{rel}","templated":true}]}}