{"id":24683,"date":"2022-03-28T17:21:12","date_gmt":"2022-03-28T17:21:12","guid":{"rendered":"https:\/\/theophany.ee\/puhapaevakool-ja-raamatukogu\/"},"modified":"2024-05-20T06:20:53","modified_gmt":"2024-05-20T06:20:53","slug":"puhapaevakool-ja-raamatukogu","status":"publish","type":"page","link":"https:\/\/theophany.ee\/et\/puhapaevakool-ja-raamatukogu\/","title":{"rendered":"P\u00fchap\u00e4evakool ja raamatukogu"},"content":{"rendered":"\t\t<div data-elementor-type=\"wp-page\" data-elementor-id=\"24683\" class=\"elementor elementor-24683 elementor-18557\" data-elementor-post-type=\"page\">\n\t\t\t\t\t\t<section class=\"elementor-section elementor-top-section elementor-element elementor-element-cd3e205 scheme_light elementor-section-boxed elementor-section-height-default elementor-section-height-default sc_fly_static\" data-id=\"cd3e205\" data-element_type=\"section\" data-e-type=\"section\" data-settings=\"{&quot;background_background&quot;:&quot;classic&quot;}\">\n\t\t\t\t\t\t<div class=\"elementor-container elementor-column-gap-extended\">\n\t\t\t\t\t<div class=\"elementor-column elementor-col-100 elementor-top-column elementor-element elementor-element-e2f6fa6 sc_content_align_inherit sc_layouts_column_icons_position_left sc_fly_static\" data-id=\"e2f6fa6\" data-element_type=\"column\" data-e-type=\"column\">\n\t\t\t<div class=\"elementor-widget-wrap elementor-element-populated\">\n\t\t\t\t\t\t<div class=\"elementor-element elementor-element-f62db72 sc_height_huge sc_fly_static elementor-widget elementor-widget-spacer\" data-id=\"f62db72\" data-element_type=\"widget\" data-e-type=\"widget\" data-widget_type=\"spacer.default\">\n\t\t\t\t<div class=\"elementor-widget-container\">\n\t\t\t\t\t\t\t<div class=\"elementor-spacer\">\n\t\t\t<div class=\"elementor-spacer-inner\"><\/div>\n\t\t<\/div>\n\t\t\t\t\t\t<\/div>\n\t\t\t\t<\/div>\n\t\t\t\t<section class=\"elementor-section elementor-inner-section elementor-element elementor-element-d572d3a elementor-section-boxed elementor-section-height-default elementor-section-height-default sc_fly_static\" data-id=\"d572d3a\" data-element_type=\"section\" data-e-type=\"section\">\n\t\t\t\t\t\t<div class=\"elementor-container elementor-column-gap-extended\">\n\t\t\t\t\t<div class=\"elementor-column elementor-col-50 elementor-inner-column elementor-element elementor-element-f4d94d3 sc_content_align_inherit sc_layouts_column_icons_position_left sc_fly_static\" data-id=\"f4d94d3\" data-element_type=\"column\" data-e-type=\"column\">\n\t\t\t<div class=\"elementor-widget-wrap elementor-element-populated\">\n\t\t\t\t\t\t<div class=\"elementor-element elementor-element-74fea61 sc_fly_static elementor-widget elementor-widget-image\" data-id=\"74fea61\" data-element_type=\"widget\" data-e-type=\"widget\" data-widget_type=\"image.default\">\n\t\t\t\t<div class=\"elementor-widget-container\">\n\t\t\t\t\t\t\t\t\t\t\t\t\t\t\t<img decoding=\"async\" src=\"https:\/\/theophany.ee\/wp-content\/uploads\/elementor\/thumbs\/368833774_317599067322850_3246627908070845255_n-qf20q9155agpw0erguwl2pnb43g3nrt6r6jwg5mfmm.jpg\" title=\"368833774_317599067322850_3246627908070845255_n\" alt=\"368833774_317599067322850_3246627908070845255_n\" loading=\"lazy\" \/>\t\t\t\t\t\t\t\t\t\t\t\t\t\t\t<\/div>\n\t\t\t\t<\/div>\n\t\t\t\t\t<\/div>\n\t\t<\/div>\n\t\t\t\t<div class=\"elementor-column elementor-col-50 elementor-inner-column elementor-element elementor-element-060c4ab sc_content_align_inherit sc_layouts_column_icons_position_left sc_fly_static\" data-id=\"060c4ab\" data-element_type=\"column\" data-e-type=\"column\">\n\t\t\t<div class=\"elementor-widget-wrap elementor-element-populated\">\n\t\t\t\t\t\t<div class=\"elementor-element elementor-element-4d95f9b sc_fly_static elementor-widget elementor-widget-trx_sc_title\" data-id=\"4d95f9b\" data-element_type=\"widget\" data-e-type=\"widget\" data-widget_type=\"trx_sc_title.default\">\n\t\t\t\t<div class=\"elementor-widget-container\">\n\t\t\t\t\t<div\t\tclass=\"sc_title sc_title_default\" ><span class=\"sc_item_subtitle sc_title_subtitle sc_item_subtitle_above sc_item_title_style_default\">KIRIKU JUURES TEGUTSEB KRISTLIK P\u00dcHEP\u00c4EVAKOOL<\/span><h2 class=\"sc_item_title sc_title_title sc_item_title_style_default\"\n\t\t\t><span class=\"sc_item_title_text\">Avatud p\u00fchap\u00f6eval kell 11 kuni 14.<\/span><\/h2><div class=\"sc_item_descr sc_title_descr\"><p>Teated telefonil +372 335 2138<\/p>\n<\/div><\/div>\t\t\t\t<\/div>\n\t\t\t\t<\/div>\n\t\t\t\t<div class=\"elementor-element elementor-element-e08ee26 sc_fly_static elementor-widget elementor-widget-spacer\" data-id=\"e08ee26\" data-element_type=\"widget\" data-e-type=\"widget\" data-widget_type=\"spacer.default\">\n\t\t\t\t<div class=\"elementor-widget-container\">\n\t\t\t\t\t\t\t<div class=\"elementor-spacer\">\n\t\t\t<div class=\"elementor-spacer-inner\"><\/div>\n\t\t<\/div>\n\t\t\t\t\t\t<\/div>\n\t\t\t\t<\/div>\n\t\t\t\t<div class=\"elementor-element elementor-element-a4c26ed sc_fly_static elementor-widget elementor-widget-trx_sc_button\" data-id=\"a4c26ed\" data-element_type=\"widget\" data-e-type=\"widget\" data-widget_type=\"trx_sc_button.default\">\n\t\t\t\t<div class=\"elementor-widget-container\">\n\t\t\t\t\t<div\tclass=\"sc_item_button sc_button_wrap\" ><a href=\"https:\/\/theophany.ee\/et\/kogoduse-ajalugu\/\" class=\"sc_button sc_button_default sc_button_size_normal sc_button_icon_left\" ><span class=\"sc_button_text\"><span class=\"sc_button_title\">Kogoduse ajalugu<\/span><\/span><\/a><\/div>\t\t\t\t<\/div>\n\t\t\t\t<\/div>\n\t\t\t\t\t<\/div>\n\t\t<\/div>\n\t\t\t\t\t<\/div>\n\t\t<\/section>\n\t\t\t\t<div class=\"elementor-element elementor-element-89627ae sc_height_huge sc_fly_static elementor-widget elementor-widget-spacer\" data-id=\"89627ae\" data-element_type=\"widget\" data-e-type=\"widget\" data-widget_type=\"spacer.default\">\n\t\t\t\t<div class=\"elementor-widget-container\">\n\t\t\t\t\t\t\t<div class=\"elementor-spacer\">\n\t\t\t<div class=\"elementor-spacer-inner\"><\/div>\n\t\t<\/div>\n\t\t\t\t\t\t<\/div>\n\t\t\t\t<\/div>\n\t\t\t\t\t<\/div>\n\t\t<\/div>\n\t\t\t\t\t<\/div>\n\t\t<\/section>\n\t\t\t\t<section class=\"elementor-section elementor-top-section elementor-element elementor-element-561070b elementor-section-boxed elementor-section-height-default elementor-section-height-default sc_fly_static\" data-id=\"561070b\" data-element_type=\"section\" data-e-type=\"section\">\n\t\t\t\t\t\t<div class=\"elementor-container elementor-column-gap-extended\">\n\t\t\t\t\t<div class=\"elementor-column elementor-col-100 elementor-top-column elementor-element elementor-element-7b386a6 sc_content_align_inherit sc_layouts_column_icons_position_left sc_fly_static\" data-id=\"7b386a6\" data-element_type=\"column\" data-e-type=\"column\">\n\t\t\t<div class=\"elementor-widget-wrap elementor-element-populated\">\n\t\t\t\t\t\t<div class=\"elementor-element elementor-element-260aa96 sc_height_huge sc_fly_static elementor-widget elementor-widget-spacer\" data-id=\"260aa96\" data-element_type=\"widget\" data-e-type=\"widget\" data-widget_type=\"spacer.default\">\n\t\t\t\t<div class=\"elementor-widget-container\">\n\t\t\t\t\t\t\t<div class=\"elementor-spacer\">\n\t\t\t<div class=\"elementor-spacer-inner\"><\/div>\n\t\t<\/div>\n\t\t\t\t\t\t<\/div>\n\t\t\t\t<\/div>\n\t\t\t\t<div class=\"elementor-element elementor-element-c6e3850 sc_fly_static elementor-widget elementor-widget-trx_sc_title\" data-id=\"c6e3850\" data-element_type=\"widget\" data-e-type=\"widget\" data-widget_type=\"trx_sc_title.default\">\n\t\t\t\t<div class=\"elementor-widget-container\">\n\t\t\t\t\t<div\t\tclass=\"sc_title sc_title_default\" ><h2 class=\"sc_item_title sc_title_title sc_align_center sc_item_title_style_default\"\n\t\t\t><span class=\"sc_item_title_text\">Lugupeetud lapsevanemad!<\/span><\/h2><div class=\"sc_item_descr sc_title_descr sc_align_center\"><p>Oma olemuselt p\u00fchapevakool onkutsutud t\u00e4itma vaimse harif\u00b4duse eesm\u00e4rke. T\u00e4na on Jumalas\u00f5na selgitamine lastele puudulik. T\u00e4htis pole ainult Jumalas\u00f5na\u00f5ige t\u00f5lgendus, veel t\u00e4htsam on \u00f5petada lapsi elama usu seaduste j\u00e4rgi. <\/p>\n<\/div><\/div>\t\t\t\t<\/div>\n\t\t\t\t<\/div>\n\t\t\t\t<div class=\"elementor-element elementor-element-1374806 sc_fly_static elementor-widget elementor-widget-spacer\" data-id=\"1374806\" data-element_type=\"widget\" data-e-type=\"widget\" data-widget_type=\"spacer.default\">\n\t\t\t\t<div class=\"elementor-widget-container\">\n\t\t\t\t\t\t\t<div class=\"elementor-spacer\">\n\t\t\t<div class=\"elementor-spacer-inner\"><\/div>\n\t\t<\/div>\n\t\t\t\t\t\t<\/div>\n\t\t\t\t<\/div>\n\t\t\t\t<div class=\"elementor-element elementor-element-abc95ba sc_height_huge sc_fly_static elementor-widget elementor-widget-spacer\" data-id=\"abc95ba\" data-element_type=\"widget\" data-e-type=\"widget\" data-widget_type=\"spacer.default\">\n\t\t\t\t<div class=\"elementor-widget-container\">\n\t\t\t\t\t\t\t<div class=\"elementor-spacer\">\n\t\t\t<div class=\"elementor-spacer-inner\"><\/div>\n\t\t<\/div>\n\t\t\t\t\t\t<\/div>\n\t\t\t\t<\/div>\n\t\t\t\t\t<\/div>\n\t\t<\/div>\n\t\t\t\t\t<\/div>\n\t\t<\/section>\n\t\t\t\t<section class=\"elementor-section elementor-top-section elementor-element elementor-element-f2ed10d elementor-section-boxed elementor-section-height-default elementor-section-height-default sc_fly_static\" data-id=\"f2ed10d\" data-element_type=\"section\" data-e-type=\"section\" data-settings=\"{&quot;background_background&quot;:&quot;classic&quot;}\">\n\t\t\t\t\t\t<div class=\"elementor-container elementor-column-gap-extended\">\n\t\t\t\t\t<div class=\"elementor-column elementor-col-100 elementor-top-column elementor-element elementor-element-f96305f sc_content_align_inherit sc_layouts_column_icons_position_left sc_fly_static\" data-id=\"f96305f\" data-element_type=\"column\" data-e-type=\"column\">\n\t\t\t<div class=\"elementor-widget-wrap elementor-element-populated\">\n\t\t\t\t\t\t<div class=\"elementor-element elementor-element-08f0203 sc_height_small sc_fly_static elementor-widget elementor-widget-spacer\" data-id=\"08f0203\" data-element_type=\"widget\" data-e-type=\"widget\" data-widget_type=\"spacer.default\">\n\t\t\t\t<div class=\"elementor-widget-container\">\n\t\t\t\t\t\t\t<div class=\"elementor-spacer\">\n\t\t\t<div class=\"elementor-spacer-inner\"><\/div>\n\t\t<\/div>\n\t\t\t\t\t\t<\/div>\n\t\t\t\t<\/div>\n\t\t\t\t\t<\/div>\n\t\t<\/div>\n\t\t\t\t\t<\/div>\n\t\t<\/section>\n\t\t\t\t<section class=\"elementor-section elementor-top-section elementor-element elementor-element-3798e288 scheme_dark elementor-section-boxed elementor-section-height-default elementor-section-height-default sc_fly_static\" data-id=\"3798e288\" data-element_type=\"section\" data-e-type=\"section\" data-settings=\"{&quot;background_background&quot;:&quot;classic&quot;}\">\n\t\t\t\t\t\t<div class=\"elementor-container elementor-column-gap-extended\">\n\t\t\t\t\t<div class=\"elementor-column elementor-col-50 elementor-top-column elementor-element elementor-element-306ef771 sc_content_align_inherit sc_layouts_column_icons_position_left sc_fly_static\" data-id=\"306ef771\" data-element_type=\"column\" data-e-type=\"column\">\n\t\t\t<div class=\"elementor-widget-wrap elementor-element-populated\">\n\t\t\t\t\t\t<div class=\"elementor-element elementor-element-5c90a4a4 sc_fly_static elementor-widget elementor-widget-trx_sc_title\" data-id=\"5c90a4a4\" data-element_type=\"widget\" data-e-type=\"widget\" data-widget_type=\"trx_sc_title.default\">\n\t\t\t\t<div class=\"elementor-widget-container\">\n\t\t\t\t\t<div\t\tclass=\"sc_title sc_title_default\" ><span class=\"sc_item_subtitle sc_title_subtitle sc_item_subtitle_above sc_item_title_style_default\">P\u00fchap\u00e4evakool<\/span><h2 class=\"sc_item_title sc_title_title sc_item_title_style_default\"\n\t\t\t><span class=\"sc_item_title_text\">\u00d5PETAJAD<\/span><\/h2><\/div>\t\t\t\t<\/div>\n\t\t\t\t<\/div>\n\t\t\t\t\t<\/div>\n\t\t<\/div>\n\t\t\t\t<div class=\"elementor-column elementor-col-50 elementor-top-column elementor-element elementor-element-420882e9 sc_content_align_inherit sc_layouts_column_icons_position_left sc_fly_static\" data-id=\"420882e9\" data-element_type=\"column\" data-e-type=\"column\">\n\t\t\t<div class=\"elementor-widget-wrap elementor-element-populated\">\n\t\t\t\t\t\t<div class=\"elementor-element elementor-element-530a67e7 sc_fly_static elementor-widget elementor-widget-spacer\" data-id=\"530a67e7\" data-element_type=\"widget\" data-e-type=\"widget\" data-widget_type=\"spacer.default\">\n\t\t\t\t<div class=\"elementor-widget-container\">\n\t\t\t\t\t\t\t<div class=\"elementor-spacer\">\n\t\t\t<div class=\"elementor-spacer-inner\"><\/div>\n\t\t<\/div>\n\t\t\t\t\t\t<\/div>\n\t\t\t\t<\/div>\n\t\t\t\t<div class=\"elementor-element elementor-element-4fa45ad6 sc_fly_static elementor-widget elementor-widget-text-editor\" data-id=\"4fa45ad6\" data-element_type=\"widget\" data-e-type=\"widget\" data-widget_type=\"text-editor.default\">\n\t\t\t\t<div class=\"elementor-widget-container\">\n\t\t\t\t\t\t\t\t\t<p>\u00fclempreester Andrey Suslov<\/p><p>preester Dimitri Rostok<\/p><p>Kira Suslova<\/p><p>Larissa Julina<\/p>\t\t\t\t\t\t\t\t<\/div>\n\t\t\t\t<\/div>\n\t\t\t\t<div class=\"elementor-element elementor-element-64c9f33c sc_fly_static elementor-widget elementor-widget-spacer\" data-id=\"64c9f33c\" data-element_type=\"widget\" data-e-type=\"widget\" data-widget_type=\"spacer.default\">\n\t\t\t\t<div class=\"elementor-widget-container\">\n\t\t\t\t\t\t\t<div class=\"elementor-spacer\">\n\t\t\t<div class=\"elementor-spacer-inner\"><\/div>\n\t\t<\/div>\n\t\t\t\t\t\t<\/div>\n\t\t\t\t<\/div>\n\t\t\t\t\t<\/div>\n\t\t<\/div>\n\t\t\t\t\t<\/div>\n\t\t<\/section>\n\t\t\t\t<section class=\"elementor-section elementor-top-section elementor-element elementor-element-55b79ff elementor-section-boxed elementor-section-height-default elementor-section-height-default sc_fly_static\" data-id=\"55b79ff\" data-element_type=\"section\" data-e-type=\"section\" data-settings=\"{&quot;background_background&quot;:&quot;classic&quot;}\">\n\t\t\t\t\t\t<div class=\"elementor-container elementor-column-gap-extended\">\n\t\t\t\t\t<div class=\"elementor-column elementor-col-100 elementor-top-column elementor-element elementor-element-c8d1866 sc_content_align_inherit sc_layouts_column_icons_position_left sc_fly_static\" data-id=\"c8d1866\" data-element_type=\"column\" data-e-type=\"column\">\n\t\t\t<div class=\"elementor-widget-wrap elementor-element-populated\">\n\t\t\t\t\t\t<div class=\"elementor-element elementor-element-e975389 sc_height_small sc_fly_static elementor-widget elementor-widget-spacer\" data-id=\"e975389\" data-element_type=\"widget\" data-e-type=\"widget\" data-widget_type=\"spacer.default\">\n\t\t\t\t<div class=\"elementor-widget-container\">\n\t\t\t\t\t\t\t<div class=\"elementor-spacer\">\n\t\t\t<div class=\"elementor-spacer-inner\"><\/div>\n\t\t<\/div>\n\t\t\t\t\t\t<\/div>\n\t\t\t\t<\/div>\n\t\t\t\t\t<\/div>\n\t\t<\/div>\n\t\t\t\t\t<\/div>\n\t\t<\/section>\n\t\t\t\t<section class=\"elementor-section elementor-top-section elementor-element elementor-element-5271c5a elementor-section-boxed elementor-section-height-default elementor-section-height-default sc_fly_static\" data-id=\"5271c5a\" data-element_type=\"section\" data-e-type=\"section\">\n\t\t\t\t\t\t<div class=\"elementor-container elementor-column-gap-extended\">\n\t\t\t\t\t<div class=\"elementor-column elementor-col-100 elementor-top-column elementor-element elementor-element-74051dc sc_content_align_inherit sc_layouts_column_icons_position_left sc_fly_static\" data-id=\"74051dc\" data-element_type=\"column\" data-e-type=\"column\">\n\t\t\t<div class=\"elementor-widget-wrap elementor-element-populated\">\n\t\t\t\t\t\t<div class=\"elementor-element elementor-element-339918e sc_height_huge sc_fly_static elementor-widget elementor-widget-spacer\" data-id=\"339918e\" data-element_type=\"widget\" data-e-type=\"widget\" data-widget_type=\"spacer.default\">\n\t\t\t\t<div class=\"elementor-widget-container\">\n\t\t\t\t\t\t\t<div class=\"elementor-spacer\">\n\t\t\t<div class=\"elementor-spacer-inner\"><\/div>\n\t\t<\/div>\n\t\t\t\t\t\t<\/div>\n\t\t\t\t<\/div>\n\t\t\t\t\t<\/div>\n\t\t<\/div>\n\t\t\t\t\t<\/div>\n\t\t<\/section>\n\t\t\t\t<section class=\"elementor-section elementor-top-section elementor-element elementor-element-4cc6d485 elementor-section-content-middle scheme_default elementor-section-boxed elementor-section-height-default elementor-section-height-default sc_fly_static\" data-id=\"4cc6d485\" data-element_type=\"section\" data-e-type=\"section\" data-settings=\"{&quot;background_background&quot;:&quot;classic&quot;}\">\n\t\t\t\t\t\t<div class=\"elementor-container elementor-column-gap-extended\">\n\t\t\t\t\t<div class=\"elementor-column elementor-col-50 elementor-top-column elementor-element elementor-element-d271176 sc_content_align_inherit sc_layouts_column_icons_position_left sc_fly_static\" data-id=\"d271176\" data-element_type=\"column\" data-e-type=\"column\">\n\t\t\t<div class=\"elementor-widget-wrap elementor-element-populated\">\n\t\t\t\t\t\t<section class=\"elementor-section elementor-inner-section elementor-element elementor-element-318db8ca elementor-section-boxed elementor-section-height-default elementor-section-height-default sc_fly_static\" data-id=\"318db8ca\" data-element_type=\"section\" data-e-type=\"section\">\n\t\t\t\t\t\t<div class=\"elementor-container elementor-column-gap-no\">\n\t\t\t\t\t<div class=\"elementor-column elementor-col-50 elementor-inner-column elementor-element elementor-element-1dc54fc9 sc_content_align_inherit sc_layouts_column_icons_position_left sc_fly_static\" data-id=\"1dc54fc9\" data-element_type=\"column\" data-e-type=\"column\">\n\t\t\t<div class=\"elementor-widget-wrap elementor-element-populated\">\n\t\t\t\t\t\t<div class=\"elementor-element elementor-element-239a593d no-title sc_fly_static elementor-widget elementor-widget-image\" data-id=\"239a593d\" data-element_type=\"widget\" data-e-type=\"widget\" data-widget_type=\"image.default\">\n\t\t\t\t<div class=\"elementor-widget-container\">\n\t\t\t\t\t\t\t\t\t\t\t\t\t\t\t<img decoding=\"async\" src=\"https:\/\/theophany.ee\/wp-content\/uploads\/elementor\/thumbs\/IMG-20230428-WA0004-qf20n2cuh1o8r79ekp6xh3ygd3k9df68tzhd90q9h2.jpg\" title=\"IMG-20230428-WA0004\" alt=\"IMG-20230428-WA0004\" loading=\"lazy\" \/>\t\t\t\t\t\t\t\t\t\t\t\t\t\t\t<\/div>\n\t\t\t\t<\/div>\n\t\t\t\t<div class=\"elementor-element elementor-element-410bef38 sc_height_large sc_layouts_hide_on_mobile sc_fly_static elementor-widget elementor-widget-spacer\" data-id=\"410bef38\" data-element_type=\"widget\" data-e-type=\"widget\" data-widget_type=\"spacer.default\">\n\t\t\t\t<div class=\"elementor-widget-container\">\n\t\t\t\t\t\t\t<div class=\"elementor-spacer\">\n\t\t\t<div class=\"elementor-spacer-inner\"><\/div>\n\t\t<\/div>\n\t\t\t\t\t\t<\/div>\n\t\t\t\t<\/div>\n\t\t\t\t\t<\/div>\n\t\t<\/div>\n\t\t\t\t<div class=\"elementor-column elementor-col-50 elementor-inner-column elementor-element elementor-element-77080fb7 sc_content_align_inherit sc_layouts_column_icons_position_left sc_fly_static\" data-id=\"77080fb7\" data-element_type=\"column\" data-e-type=\"column\">\n\t\t\t<div class=\"elementor-widget-wrap elementor-element-populated\">\n\t\t\t\t\t\t<div class=\"elementor-element elementor-element-15f27ee8 no-title sc_fly_static elementor-widget elementor-widget-image\" data-id=\"15f27ee8\" data-element_type=\"widget\" data-e-type=\"widget\" data-widget_type=\"image.default\">\n\t\t\t\t<div class=\"elementor-widget-container\">\n\t\t\t\t\t\t\t\t\t\t\t\t\t\t\t<img decoding=\"async\" src=\"https:\/\/theophany.ee\/wp-content\/uploads\/elementor\/thumbs\/IMG-20230428-WA0008-qf20mfsomz251g4gq8rz3ay3d3v3hby65knytvk67s.jpg\" title=\"IMG-20230428-WA0008\" alt=\"IMG-20230428-WA0008\" loading=\"lazy\" \/>\t\t\t\t\t\t\t\t\t\t\t\t\t\t\t<\/div>\n\t\t\t\t<\/div>\n\t\t\t\t\t<\/div>\n\t\t<\/div>\n\t\t\t\t\t<\/div>\n\t\t<\/section>\n\t\t\t\t\t<\/div>\n\t\t<\/div>\n\t\t\t\t<div class=\"elementor-column elementor-col-50 elementor-top-column elementor-element elementor-element-145c66b7 sc_content_align_inherit sc_layouts_column_icons_position_left sc_fly_static\" data-id=\"145c66b7\" data-element_type=\"column\" data-e-type=\"column\">\n\t\t\t<div class=\"elementor-widget-wrap elementor-element-populated\">\n\t\t\t\t\t\t<div class=\"elementor-element elementor-element-73d91029 sc_fly_static elementor-widget elementor-widget-trx_sc_title\" data-id=\"73d91029\" data-element_type=\"widget\" data-e-type=\"widget\" data-widget_type=\"trx_sc_title.default\">\n\t\t\t\t<div class=\"elementor-widget-container\">\n\t\t\t\t\t<div\t\tclass=\"sc_title sc_title_default\" ><span class=\"sc_item_subtitle sc_title_subtitle sc_item_subtitle_above sc_item_title_style_default\">TUNNID TOIMUVAD P\u00dcHAP\u00c4EVAL<\/span><h2 class=\"sc_item_title sc_title_title sc_item_title_style_default\"\n\t\t\t><span class=\"sc_item_title_text\">P\u00fchap\u00e4evakool<\/span><\/h2><\/div>\t\t\t\t<\/div>\n\t\t\t\t<\/div>\n\t\t\t\t<div class=\"elementor-element elementor-element-4435c524 sc_fly_static elementor-widget elementor-widget-spacer\" data-id=\"4435c524\" data-element_type=\"widget\" data-e-type=\"widget\" data-widget_type=\"spacer.default\">\n\t\t\t\t<div class=\"elementor-widget-container\">\n\t\t\t\t\t\t\t<div class=\"elementor-spacer\">\n\t\t\t<div class=\"elementor-spacer-inner\"><\/div>\n\t\t<\/div>\n\t\t\t\t\t\t<\/div>\n\t\t\t\t<\/div>\n\t\t\t\t<div class=\"elementor-element elementor-element-1ef6d087 sc_fly_static elementor-widget elementor-widget-text-editor\" data-id=\"1ef6d087\" data-element_type=\"widget\" data-e-type=\"widget\" data-widget_type=\"text-editor.default\">\n\t\t\t\t<div class=\"elementor-widget-container\">\n\t\t\t\t\t\t\t\t\t<p><strong>Laste noorem r\u00fchm<\/strong><\/p>\n<ul class=\"list_custom\">\n<li>\n<p>11.00 &#8211; Jumalas\u00f5na<\/p>\n<\/li>\n<li>\n<p>11.20 &#8211; laulmine<\/p>\n<\/li>\n<li>\n<p>11.30 &#8211; looming<\/p>\n<\/li>\n<\/ul>\n<p><strong>Laste vanem r\u00fchm<\/strong><\/p>\n<ul class=\"list_custom\">\n<li>\n<p>11.00 &#8211; Jumalas\u00f5na<\/p>\n<\/li>\n<li>\n<p>11.45 &#8211; laulmine<\/p>\n<\/li>\n<li>12.30 &#8211; k\u00e4sit\u00f6\u00f6<\/li>\n<\/ul>\n<p><strong>T\u00e4iskasvanute tunnid<\/strong> toimuvad kirikus<\/p>\n<ul class=\"list_custom\">\n<li>\n<p>Algus kell 12.00<\/p>\n<\/li>\n<\/ul>\n\t\t\t\t\t\t\t\t<\/div>\n\t\t\t\t<\/div>\n\t\t\t\t<div class=\"elementor-element elementor-element-3ad9f5bd sc_fly_static elementor-widget elementor-widget-spacer\" data-id=\"3ad9f5bd\" data-element_type=\"widget\" data-e-type=\"widget\" data-widget_type=\"spacer.default\">\n\t\t\t\t<div class=\"elementor-widget-container\">\n\t\t\t\t\t\t\t<div class=\"elementor-spacer\">\n\t\t\t<div class=\"elementor-spacer-inner\"><\/div>\n\t\t<\/div>\n\t\t\t\t\t\t<\/div>\n\t\t\t\t<\/div>\n\t\t\t\t<div class=\"elementor-element elementor-element-166dccd4 sc_fly_static elementor-widget elementor-widget-trx_sc_button\" data-id=\"166dccd4\" data-element_type=\"widget\" data-e-type=\"widget\" data-widget_type=\"trx_sc_button.default\">\n\t\t\t\t<div class=\"elementor-widget-container\">\n\t\t\t\t\t<div\tclass=\"sc_item_button sc_button_wrap\" ><a href=\"https:\/\/azbyka.ru\/\" class=\"sc_button sc_button_default sc_button_size_normal sc_button_icon_left color_style_link2\" ><span class=\"sc_button_text\"><span class=\"sc_button_title\">Uskumuse algt\u00f5ed<\/span><\/span><\/a><\/div>\t\t\t\t<\/div>\n\t\t\t\t<\/div>\n\t\t\t\t\t<\/div>\n\t\t<\/div>\n\t\t\t\t\t<\/div>\n\t\t<\/section>\n\t\t\t\t<section class=\"elementor-section elementor-top-section elementor-element elementor-element-262837a elementor-section-boxed elementor-section-height-default elementor-section-height-default sc_fly_static\" data-id=\"262837a\" data-element_type=\"section\" data-e-type=\"section\">\n\t\t\t\t\t\t<div class=\"elementor-container elementor-column-gap-extended\">\n\t\t\t\t\t<div class=\"elementor-column elementor-col-100 elementor-top-column elementor-element elementor-element-568a393 sc_content_align_inherit sc_layouts_column_icons_position_left sc_fly_static\" data-id=\"568a393\" data-element_type=\"column\" data-e-type=\"column\">\n\t\t\t<div class=\"elementor-widget-wrap elementor-element-populated\">\n\t\t\t\t\t\t<div class=\"elementor-element elementor-element-80de53c sc_height_huge sc_fly_static elementor-widget elementor-widget-spacer\" data-id=\"80de53c\" data-element_type=\"widget\" data-e-type=\"widget\" data-widget_type=\"spacer.default\">\n\t\t\t\t<div class=\"elementor-widget-container\">\n\t\t\t\t\t\t\t<div class=\"elementor-spacer\">\n\t\t\t<div class=\"elementor-spacer-inner\"><\/div>\n\t\t<\/div>\n\t\t\t\t\t\t<\/div>\n\t\t\t\t<\/div>\n\t\t\t\t\t<\/div>\n\t\t<\/div>\n\t\t\t\t\t<\/div>\n\t\t<\/section>\n\t\t\t\t<\/div>\n\t\t","protected":false},"excerpt":{"rendered":"<p>KIRIKU JUURES TEGUTSEB KRISTLIK P\u00dcHEP\u00c4EVAKOOL Avatud p\u00fchap\u00f6eval kell 11 kuni 14. Teated telefonil +372 335 2138 Kogoduse ajalugu Lugupeetud lapsevanemad! Oma olemuselt p\u00fchapevakool onkutsutud t\u00e4itma vaimse harif\u00b4duse eesm\u00e4rke. T\u00e4na on&hellip;<\/p>\n","protected":false},"author":1,"featured_media":24604,"parent":0,"menu_order":0,"comment_status":"closed","ping_status":"closed","template":"","meta":{"give_campaign_id":0,"footnotes":""},"class_list":["post-24683","page","type-page","status-publish","has-post-thumbnail","hentry"],"campaignId":"","_links":{"self":[{"href":"https:\/\/theophany.ee\/et\/wp-json\/wp\/v2\/pages\/24683","targetHints":{"allow":["GET"]}}],"collection":[{"href":"https:\/\/theophany.ee\/et\/wp-json\/wp\/v2\/pages"}],"about":[{"href":"https:\/\/theophany.ee\/et\/wp-json\/wp\/v2\/types\/page"}],"author":[{"embeddable":true,"href":"https:\/\/theophany.ee\/et\/wp-json\/wp\/v2\/users\/1"}],"replies":[{"embeddable":true,"href":"https:\/\/theophany.ee\/et\/wp-json\/wp\/v2\/comments?post=24683"}],"version-history":[{"count":7,"href":"https:\/\/theophany.ee\/et\/wp-json\/wp\/v2\/pages\/24683\/revisions"}],"predecessor-version":[{"id":25248,"href":"https:\/\/theophany.ee\/et\/wp-json\/wp\/v2\/pages\/24683\/revisions\/25248"}],"wp:featuredmedia":[{"embeddable":true,"href":"https:\/\/theophany.ee\/et\/wp-json\/wp\/v2\/media\/24604"}],"wp:attachment":[{"href":"https:\/\/theophany.ee\/et\/wp-json\/wp\/v2\/media?parent=24683"}],"curies":[{"name":"wp","href":"https:\/\/api.w.org\/{rel}","templated":true}]}}