{"id":24695,"date":"2022-03-29T10:09:10","date_gmt":"2022-03-29T10:09:10","guid":{"rendered":"https:\/\/theophany.ee\/preestrid\/"},"modified":"2024-05-20T06:17:07","modified_gmt":"2024-05-20T06:17:07","slug":"preestrid","status":"publish","type":"page","link":"https:\/\/theophany.ee\/et\/preestrid\/","title":{"rendered":"Preestrid"},"content":{"rendered":"\t\t<div data-elementor-type=\"wp-page\" data-elementor-id=\"24695\" class=\"elementor elementor-24695 elementor-18657\" data-elementor-post-type=\"page\">\n\t\t\t\t\t\t<section class=\"elementor-section elementor-top-section elementor-element elementor-element-c294cb7 elementor-section-boxed elementor-section-height-default elementor-section-height-default sc_fly_static\" data-id=\"c294cb7\" data-element_type=\"section\" data-e-type=\"section\" data-settings=\"{&quot;background_background&quot;:&quot;classic&quot;}\">\n\t\t\t\t\t\t<div class=\"elementor-container elementor-column-gap-extended\">\n\t\t\t\t\t<div class=\"elementor-column elementor-col-100 elementor-top-column elementor-element elementor-element-6120baa sc_content_align_inherit sc_layouts_column_icons_position_left sc_fly_static\" data-id=\"6120baa\" data-element_type=\"column\" data-e-type=\"column\">\n\t\t\t<div class=\"elementor-widget-wrap elementor-element-populated\">\n\t\t\t\t\t\t<div class=\"elementor-element elementor-element-73e7de1 sc_height_small sc_fly_static elementor-widget elementor-widget-spacer\" data-id=\"73e7de1\" data-element_type=\"widget\" data-e-type=\"widget\" data-widget_type=\"spacer.default\">\n\t\t\t\t<div class=\"elementor-widget-container\">\n\t\t\t\t\t\t\t<div class=\"elementor-spacer\">\n\t\t\t<div class=\"elementor-spacer-inner\"><\/div>\n\t\t<\/div>\n\t\t\t\t\t\t<\/div>\n\t\t\t\t<\/div>\n\t\t\t\t\t<\/div>\n\t\t<\/div>\n\t\t\t\t\t<\/div>\n\t\t<\/section>\n\t\t\t\t<section class=\"elementor-section elementor-top-section elementor-element elementor-element-1b683f60 elementor-section-content-middle scheme_default elementor-section-boxed elementor-section-height-default elementor-section-height-default sc_fly_static\" data-id=\"1b683f60\" data-element_type=\"section\" data-e-type=\"section\" data-settings=\"{&quot;background_background&quot;:&quot;classic&quot;}\">\n\t\t\t\t\t\t<div class=\"elementor-container elementor-column-gap-extended\">\n\t\t\t\t\t<div class=\"elementor-column elementor-col-50 elementor-top-column elementor-element elementor-element-5fb469ac sc_content_align_inherit sc_layouts_column_icons_position_left sc_fly_static\" data-id=\"5fb469ac\" data-element_type=\"column\" data-e-type=\"column\">\n\t\t\t<div class=\"elementor-widget-wrap elementor-element-populated\">\n\t\t\t\t\t\t<section class=\"elementor-section elementor-inner-section elementor-element elementor-element-f871eaa elementor-section-content-bottom elementor-section-boxed elementor-section-height-default elementor-section-height-default sc_fly_static\" data-id=\"f871eaa\" data-element_type=\"section\" data-e-type=\"section\">\n\t\t\t\t\t\t<div class=\"elementor-container elementor-column-gap-no\">\n\t\t\t\t\t<div class=\"elementor-column elementor-col-100 elementor-inner-column elementor-element elementor-element-6f1cedd5 sc_content_align_inherit sc_layouts_column_icons_position_left sc_fly_static\" data-id=\"6f1cedd5\" data-element_type=\"column\" data-e-type=\"column\">\n\t\t\t<div class=\"elementor-widget-wrap elementor-element-populated\">\n\t\t\t\t\t\t<div class=\"elementor-element elementor-element-38d79451 elementor-widget__width-auto no-title sc_fly_static elementor-widget elementor-widget-image\" data-id=\"38d79451\" data-element_type=\"widget\" data-e-type=\"widget\" data-widget_type=\"image.default\">\n\t\t\t\t<div class=\"elementor-widget-container\">\n\t\t\t\t\t\t\t\t\t\t\t\t<figure class=\"wp-caption\">\n\t\t\t\t\t\t\t\t\t\t<img decoding=\"async\" src=\"https:\/\/theophany.ee\/wp-content\/uploads\/elementor\/thumbs\/380110366_333386449077445_5001886818979557768_n-qf009wryxj7mceaknvpzah1pfbx2eqxi3a83spktg4.jpg\" title=\"380110366_333386449077445_5001886818979557768_n\" alt=\"380110366_333386449077445_5001886818979557768_n\" loading=\"lazy\" \/>\t\t\t\t\t\t\t\t\t\t\t<figcaption class=\"widget-image-caption wp-caption-text\"><\/figcaption>\n\t\t\t\t\t\t\t\t\t\t<\/figure>\n\t\t\t\t\t\t\t\t\t<\/div>\n\t\t\t\t<\/div>\n\t\t\t\t<div class=\"elementor-element elementor-element-25d714b6 scheme_dark elementor-widget__width-initial elementor-absolute sc_fly_static elementor-widget elementor-widget-heading\" data-id=\"25d714b6\" data-element_type=\"widget\" data-e-type=\"widget\" data-settings=\"{&quot;_position&quot;:&quot;absolute&quot;}\" data-widget_type=\"heading.default\">\n\t\t\t\t<div class=\"elementor-widget-container\">\n\t\t\t\t\t<h3 class=\"elementor-heading-title elementor-size-default\">\u00dclempreester Andrey Suslov \u2013 kirikueesseisja<\/h3>\t\t\t\t<\/div>\n\t\t\t\t<\/div>\n\t\t\t\t\t<\/div>\n\t\t<\/div>\n\t\t\t\t\t<\/div>\n\t\t<\/section>\n\t\t\t\t\t<\/div>\n\t\t<\/div>\n\t\t\t\t<div class=\"elementor-column elementor-col-50 elementor-top-column elementor-element elementor-element-7a69b52 sc_content_align_inherit sc_layouts_column_icons_position_left sc_fly_static\" data-id=\"7a69b52\" data-element_type=\"column\" data-e-type=\"column\">\n\t\t\t<div class=\"elementor-widget-wrap elementor-element-populated\">\n\t\t\t\t\t\t<div class=\"elementor-element elementor-element-5a3dec86 sc_fly_static elementor-widget elementor-widget-trx_sc_title\" data-id=\"5a3dec86\" data-element_type=\"widget\" data-e-type=\"widget\" data-widget_type=\"trx_sc_title.default\">\n\t\t\t\t<div class=\"elementor-widget-container\">\n\t\t\t\t\t<div\t\tclass=\"sc_title sc_title_default\" ><span class=\"sc_item_subtitle sc_title_subtitle sc_item_subtitle_above sc_item_title_style_default\">kirikueesseisja<\/span><h2 class=\"sc_item_title sc_title_title sc_item_title_style_default\"\n\t\t\t><span class=\"sc_item_title_text\">Minge Jumala templitesse, kui kellad helisevad.<\/span><\/h2><\/div>\t\t\t\t<\/div>\n\t\t\t\t<\/div>\n\t\t\t\t<div class=\"elementor-element elementor-element-1c9fd503 sc_fly_static elementor-widget elementor-widget-spacer\" data-id=\"1c9fd503\" data-element_type=\"widget\" data-e-type=\"widget\" data-widget_type=\"spacer.default\">\n\t\t\t\t<div class=\"elementor-widget-container\">\n\t\t\t\t\t\t\t<div class=\"elementor-spacer\">\n\t\t\t<div class=\"elementor-spacer-inner\"><\/div>\n\t\t<\/div>\n\t\t\t\t\t\t<\/div>\n\t\t\t\t<\/div>\n\t\t\t\t<div class=\"elementor-element elementor-element-5fb7c6dd sc_fly_static elementor-widget elementor-widget-text-editor\" data-id=\"5fb7c6dd\" data-element_type=\"widget\" data-e-type=\"widget\" data-widget_type=\"text-editor.default\">\n\t\t\t\t<div class=\"elementor-widget-container\">\n\t\t\t\t\t\t\t\t\t<p>Kell h\u00fc\u00fcab meid, kutsub palvetama, aga meie l\u00e4heme ja ei l\u00e4he, nii ka Issand seisab, koputab, kutsub ja kas me avame oma s\u00fcdameukse, see on juba iga\u00fche enda teha.<\/p>\n<p>Kirik elab palvetades. Kirik p\u00fcsib seni, kui siin on kuulda palveid.<\/p>\n\t\t\t\t\t\t\t\t<\/div>\n\t\t\t\t<\/div>\n\t\t\t\t<div class=\"elementor-element elementor-element-15a1e21 sc_fly_static elementor-widget elementor-widget-spacer\" data-id=\"15a1e21\" data-element_type=\"widget\" data-e-type=\"widget\" data-widget_type=\"spacer.default\">\n\t\t\t\t<div class=\"elementor-widget-container\">\n\t\t\t\t\t\t\t<div class=\"elementor-spacer\">\n\t\t\t<div class=\"elementor-spacer-inner\"><\/div>\n\t\t<\/div>\n\t\t\t\t\t\t<\/div>\n\t\t\t\t<\/div>\n\t\t\t\t<div class=\"elementor-element elementor-element-5b78f7c sc_fly_static elementor-widget elementor-widget-trx_sc_socials\" data-id=\"5b78f7c\" data-element_type=\"widget\" data-e-type=\"widget\" data-widget_type=\"trx_sc_socials.default\">\n\t\t\t\t<div class=\"elementor-widget-container\">\n\t\t\t\t\t<div  \n\t\tclass=\"sc_socials sc_socials_default sc_align_none\" ><div class=\"socials_wrap sc_item_content\"><a target=\"_blank\" rel=\"nofollow\" href=\"https:\/\/www.facebook.com\/profile.php?id=100043539729096\" class=\"social_item social_item_style_icons sc_icon_type_icons social_item_type_icons\"><span class=\"social_icon social_icon_facebook\" style=\"\"><span class=\"screen-reader-text\">facebook<\/span><span class=\"icon-facebook\"><\/span><\/span><\/a><\/div><\/div>\t\t\t\t<\/div>\n\t\t\t\t<\/div>\n\t\t\t\t\t<\/div>\n\t\t<\/div>\n\t\t\t\t\t<\/div>\n\t\t<\/section>\n\t\t\t\t<section class=\"elementor-section elementor-top-section elementor-element elementor-element-357d421 elementor-section-boxed elementor-section-height-default elementor-section-height-default sc_fly_static\" data-id=\"357d421\" data-element_type=\"section\" data-e-type=\"section\" data-settings=\"{&quot;background_background&quot;:&quot;classic&quot;}\">\n\t\t\t\t\t\t<div class=\"elementor-container elementor-column-gap-extended\">\n\t\t\t\t\t<div class=\"elementor-column elementor-col-100 elementor-top-column elementor-element elementor-element-f46572e sc_content_align_inherit sc_layouts_column_icons_position_left sc_fly_static\" data-id=\"f46572e\" data-element_type=\"column\" data-e-type=\"column\">\n\t\t\t<div class=\"elementor-widget-wrap elementor-element-populated\">\n\t\t\t\t\t\t<div class=\"elementor-element elementor-element-32cc670 sc_height_medium sc_fly_static elementor-widget elementor-widget-spacer\" data-id=\"32cc670\" data-element_type=\"widget\" data-e-type=\"widget\" data-widget_type=\"spacer.default\">\n\t\t\t\t<div class=\"elementor-widget-container\">\n\t\t\t\t\t\t\t<div class=\"elementor-spacer\">\n\t\t\t<div class=\"elementor-spacer-inner\"><\/div>\n\t\t<\/div>\n\t\t\t\t\t\t<\/div>\n\t\t\t\t<\/div>\n\t\t\t\t\t<\/div>\n\t\t<\/div>\n\t\t\t\t\t<\/div>\n\t\t<\/section>\n\t\t\t\t<section class=\"elementor-section elementor-top-section elementor-element elementor-element-0d14041 elementor-section-boxed elementor-section-height-default elementor-section-height-default sc_fly_static\" data-id=\"0d14041\" data-element_type=\"section\" data-e-type=\"section\">\n\t\t\t\t\t\t<div class=\"elementor-container elementor-column-gap-extended\">\n\t\t\t\t\t<div class=\"elementor-column elementor-col-100 elementor-top-column elementor-element elementor-element-df95e27 sc_content_align_inherit sc_layouts_column_icons_position_left sc_fly_static\" data-id=\"df95e27\" data-element_type=\"column\" data-e-type=\"column\">\n\t\t\t<div class=\"elementor-widget-wrap elementor-element-populated\">\n\t\t\t\t\t\t<div class=\"elementor-element elementor-element-ccb1275 sc_height_small sc_fly_static elementor-widget elementor-widget-spacer\" data-id=\"ccb1275\" data-element_type=\"widget\" data-e-type=\"widget\" data-widget_type=\"spacer.default\">\n\t\t\t\t<div class=\"elementor-widget-container\">\n\t\t\t\t\t\t\t<div class=\"elementor-spacer\">\n\t\t\t<div class=\"elementor-spacer-inner\"><\/div>\n\t\t<\/div>\n\t\t\t\t\t\t<\/div>\n\t\t\t\t<\/div>\n\t\t\t\t\t<\/div>\n\t\t<\/div>\n\t\t\t\t\t<\/div>\n\t\t<\/section>\n\t\t\t\t<section class=\"elementor-section elementor-top-section elementor-element elementor-element-81637f5 elementor-section-boxed elementor-section-height-default elementor-section-height-default sc_fly_static\" data-id=\"81637f5\" data-element_type=\"section\" data-e-type=\"section\">\n\t\t\t\t\t\t<div class=\"elementor-container elementor-column-gap-extended\">\n\t\t\t\t\t<div class=\"elementor-column elementor-col-100 elementor-top-column elementor-element elementor-element-7cfa80d sc_content_align_inherit sc_layouts_column_icons_position_left sc_fly_static\" data-id=\"7cfa80d\" data-element_type=\"column\" data-e-type=\"column\">\n\t\t\t<div class=\"elementor-widget-wrap elementor-element-populated\">\n\t\t\t\t\t\t<div class=\"elementor-element elementor-element-2dad055 sc_fly_static elementor-widget elementor-widget-trx_sc_title\" data-id=\"2dad055\" data-element_type=\"widget\" data-e-type=\"widget\" data-widget_type=\"trx_sc_title.default\">\n\t\t\t\t<div class=\"elementor-widget-container\">\n\t\t\t\t\t<div\t\tclass=\"sc_title sc_title_default\" ><span class=\"sc_item_subtitle sc_title_subtitle sc_align_center sc_item_subtitle_above sc_item_title_style_default\">Ajalugu<\/span><h2 class=\"sc_item_title sc_title_title sc_align_center sc_item_title_style_default\"\n\t\t\t><span class=\"sc_item_title_text\">Preestrid<\/span><\/h2><\/div>\t\t\t\t<\/div>\n\t\t\t\t<\/div>\n\t\t\t\t\t<\/div>\n\t\t<\/div>\n\t\t\t\t\t<\/div>\n\t\t<\/section>\n\t\t\t\t<section class=\"elementor-section elementor-top-section elementor-element elementor-element-aabb90a elementor-section-boxed elementor-section-height-default elementor-section-height-default sc_fly_static\" data-id=\"aabb90a\" data-element_type=\"section\" data-e-type=\"section\">\n\t\t\t\t\t\t<div class=\"elementor-container elementor-column-gap-extended\">\n\t\t\t\t\t<div class=\"elementor-column elementor-col-100 elementor-top-column elementor-element elementor-element-20d7174 sc_content_align_inherit sc_layouts_column_icons_position_left sc_fly_static\" data-id=\"20d7174\" data-element_type=\"column\" data-e-type=\"column\">\n\t\t\t<div class=\"elementor-widget-wrap elementor-element-populated\">\n\t\t\t\t\t\t<div class=\"elementor-element elementor-element-9d2555d sc_fly_static elementor-widget elementor-widget-text-editor\" data-id=\"9d2555d\" data-element_type=\"widget\" data-e-type=\"widget\" data-widget_type=\"text-editor.default\">\n\t\t\t\t<div class=\"elementor-widget-container\">\n\t\t\t\t\t\t\t\t\t<p><strong>preester Mihhail SOKOLOV<\/strong><br \/>15.08.1888 \u2014 05.1890<br \/><strong>preester Nikolai Tsvetikov<\/strong><br \/>\u2014 01.06.1890<br \/><strong>\u00fclempreester Iossif \u0160ESTAKVSKI<\/strong><br \/>01.06.1890 \u2014 1894 (\u2020 04.12.1896)<br \/><strong>preester Anton ORGUSAAR<\/strong><br \/>23.08.1894 \u2014 12.01.1907<br \/><strong>preester Vladimir BE\u017dANTSKI<\/strong><br \/>12.01.1907 \u2014 12.02.1907<br \/><strong>preester Pavel POSKA<\/strong><br \/>12.02.1907 \u2014 01.07.1915<br \/><strong>preester Aleksandr M\u00c4NNIK<\/strong><br \/>15.10.1915 \u2014 01.12.1918<br \/><strong>preester Jevgeni JAHONTOV<\/strong><br \/>20.09.1919 \u2014 01.01.1923<br \/><strong>\u00fclempreester Aleksandr M\u00c4NNIK<\/strong><br \/>20.10.1920 \u2014 \u2020 29.04.1949<br \/><strong>preester Roman TANG<\/strong><br \/>08.03.1931 \u2014 01.05.1933<br \/><strong>\u00fclempreester Roman TANG<\/strong><br \/>20.06.1940 \u2014 04.1950<br \/><strong>preester Aleksei Ridiger<\/strong><br \/>17.04.1950 \u2014 17.07.1958<br \/><strong>preester Vladimir ZALIPSKI<\/strong><br \/>30.09.1956 \u2014 14.08.1958<br \/><strong>preester Nikolai KOGER<\/strong><br \/>14.08.1958 \u2014 01.11.1958<br \/><strong>preester Pavel SOKOLOV<\/strong><br \/>01.11.1958 \u2014 1965<br \/><strong>preester Viktor MART\u00d5\u0160KIN<\/strong><br \/>12.08.1965 \u2014 20.03.1967<br \/><strong>\u00fclempreester Mihhail RAED<\/strong><br \/>10.09.I967 \u2014<br \/><strong>preester Pavel SOKOLOV<\/strong><br \/>1967 \u2014 1968<\/p>\n<p><strong>diakon Juhan HION<\/strong><br \/>\u2026\u2026 \u2014 1916<br \/><strong>diakon Valentin LEBEDEV<\/strong><br \/>1919 \u2014 1926<br \/><strong>diakon Vladimir PLATOVSKI<\/strong><br \/>24.03.1948 \u2014 1951<\/p>\n\t\t\t\t\t\t\t\t<\/div>\n\t\t\t\t<\/div>\n\t\t\t\t<div class=\"elementor-element elementor-element-3dcfd43 sc_height_small sc_fly_static elementor-widget elementor-widget-spacer\" data-id=\"3dcfd43\" data-element_type=\"widget\" data-e-type=\"widget\" data-widget_type=\"spacer.default\">\n\t\t\t\t<div class=\"elementor-widget-container\">\n\t\t\t\t\t\t\t<div class=\"elementor-spacer\">\n\t\t\t<div class=\"elementor-spacer-inner\"><\/div>\n\t\t<\/div>\n\t\t\t\t\t\t<\/div>\n\t\t\t\t<\/div>\n\t\t\t\t\t<\/div>\n\t\t<\/div>\n\t\t\t\t\t<\/div>\n\t\t<\/section>\n\t\t\t\t<section class=\"elementor-section elementor-top-section elementor-element elementor-element-771c2b4 scheme_light elementor-section-boxed elementor-section-height-default elementor-section-height-default sc_fly_static\" data-id=\"771c2b4\" data-element_type=\"section\" data-e-type=\"section\" data-settings=\"{&quot;background_background&quot;:&quot;classic&quot;}\">\n\t\t\t\t\t\t<div class=\"elementor-container elementor-column-gap-extended\">\n\t\t\t\t\t<div class=\"elementor-column elementor-col-100 elementor-top-column elementor-element elementor-element-856be3b sc_layouts_column_align_center sc_layouts_column sc_content_align_inherit sc_layouts_column_icons_position_left sc_fly_static\" data-id=\"856be3b\" data-element_type=\"column\" data-e-type=\"column\">\n\t\t\t<div class=\"elementor-widget-wrap elementor-element-populated\">\n\t\t\t\t\t\t<div class=\"elementor-element elementor-element-bb9633f sc_height_small sc_fly_static elementor-widget elementor-widget-spacer\" data-id=\"bb9633f\" data-element_type=\"widget\" data-e-type=\"widget\" data-widget_type=\"spacer.default\">\n\t\t\t\t<div class=\"elementor-widget-container\">\n\t\t\t\t\t\t\t<div class=\"elementor-spacer\">\n\t\t\t<div class=\"elementor-spacer-inner\"><\/div>\n\t\t<\/div>\n\t\t\t\t\t\t<\/div>\n\t\t\t\t<\/div>\n\t\t\t\t<div class=\"elementor-element elementor-element-1b53e6e sc_fly_static elementor-widget elementor-widget-trx_sc_title\" data-id=\"1b53e6e\" data-element_type=\"widget\" data-e-type=\"widget\" data-widget_type=\"trx_sc_title.default\">\n\t\t\t\t<div class=\"elementor-widget-container\">\n\t\t\t\t\t<div\t\tclass=\"sc_title sc_title_default\" ><h2 class=\"sc_item_title sc_title_title sc_align_center sc_item_title_style_default\"\n\t\t\t><span class=\"sc_item_title_text\">Preestrid<\/span><\/h2><\/div>\t\t\t\t<\/div>\n\t\t\t\t<\/div>\n\t\t\t\t<div class=\"elementor-element elementor-element-4723a7a sc_fly_static elementor-widget elementor-widget-spacer\" data-id=\"4723a7a\" data-element_type=\"widget\" data-e-type=\"widget\" data-widget_type=\"spacer.default\">\n\t\t\t\t<div class=\"elementor-widget-container\">\n\t\t\t\t\t\t\t<div class=\"elementor-spacer\">\n\t\t\t<div class=\"elementor-spacer-inner\"><\/div>\n\t\t<\/div>\n\t\t\t\t\t\t<\/div>\n\t\t\t\t<\/div>\n\t\t\t\t<div class=\"elementor-element elementor-element-bb22734 sc_height_huge sc_fly_static elementor-widget elementor-widget-spacer\" data-id=\"bb22734\" data-element_type=\"widget\" data-e-type=\"widget\" data-widget_type=\"spacer.default\">\n\t\t\t\t<div class=\"elementor-widget-container\">\n\t\t\t\t\t\t\t<div class=\"elementor-spacer\">\n\t\t\t<div class=\"elementor-spacer-inner\"><\/div>\n\t\t<\/div>\n\t\t\t\t\t\t<\/div>\n\t\t\t\t<\/div>\n\t\t\t\t\t<\/div>\n\t\t<\/div>\n\t\t\t\t\t<\/div>\n\t\t<\/section>\n\t\t\t\t<\/div>\n\t\t","protected":false},"excerpt":{"rendered":"<p>\u00dclempreester Andrey Suslov \u2013 kirikueesseisja kirikueesseisja Minge Jumala templitesse, kui kellad helisevad. Kell h\u00fc\u00fcab meid, kutsub palvetama, aga meie l\u00e4heme ja ei l\u00e4he, nii ka Issand seisab, koputab, kutsub ja&hellip;<\/p>\n","protected":false},"author":1,"featured_media":0,"parent":0,"menu_order":0,"comment_status":"closed","ping_status":"closed","template":"","meta":{"give_campaign_id":0,"footnotes":""},"class_list":["post-24695","page","type-page","status-publish","hentry"],"campaignId":"","_links":{"self":[{"href":"https:\/\/theophany.ee\/et\/wp-json\/wp\/v2\/pages\/24695","targetHints":{"allow":["GET"]}}],"collection":[{"href":"https:\/\/theophany.ee\/et\/wp-json\/wp\/v2\/pages"}],"about":[{"href":"https:\/\/theophany.ee\/et\/wp-json\/wp\/v2\/types\/page"}],"author":[{"embeddable":true,"href":"https:\/\/theophany.ee\/et\/wp-json\/wp\/v2\/users\/1"}],"replies":[{"embeddable":true,"href":"https:\/\/theophany.ee\/et\/wp-json\/wp\/v2\/comments?post=24695"}],"version-history":[{"count":10,"href":"https:\/\/theophany.ee\/et\/wp-json\/wp\/v2\/pages\/24695\/revisions"}],"predecessor-version":[{"id":25242,"href":"https:\/\/theophany.ee\/et\/wp-json\/wp\/v2\/pages\/24695\/revisions\/25242"}],"wp:attachment":[{"href":"https:\/\/theophany.ee\/et\/wp-json\/wp\/v2\/media?parent=24695"}],"curies":[{"name":"wp","href":"https:\/\/api.w.org\/{rel}","templated":true}]}}