{"id":24972,"date":"2021-05-05T08:23:10","date_gmt":"2021-05-05T08:23:10","guid":{"rendered":"https:\/\/theophany.ee\/privacy-policy\/"},"modified":"2024-01-25T08:51:07","modified_gmt":"2024-01-25T08:51:07","slug":"privacy-policy","status":"publish","type":"page","link":"https:\/\/theophany.ee\/et\/privacy-policy\/","title":{"rendered":"Privacy Policy"},"content":{"rendered":"\t\t<div data-elementor-type=\"wp-page\" data-elementor-id=\"24972\" class=\"elementor elementor-24972 elementor-12954\" data-elementor-post-type=\"page\">\n\t\t\t\t\t\t<section class=\"elementor-section elementor-top-section elementor-element elementor-element-2b1184b0 elementor-section-boxed elementor-section-height-default elementor-section-height-default sc_fly_static\" data-id=\"2b1184b0\" data-element_type=\"section\" data-e-type=\"section\" data-settings=\"{&quot;background_background&quot;:&quot;classic&quot;}\">\n\t\t\t\t\t\t<div class=\"elementor-container elementor-column-gap-extended\">\n\t\t\t\t\t<div class=\"elementor-column elementor-col-100 elementor-top-column elementor-element elementor-element-153e1c19 sc_content_align_inherit sc_layouts_column_icons_position_left sc_fly_static\" data-id=\"153e1c19\" data-element_type=\"column\" data-e-type=\"column\">\n\t\t\t<div class=\"elementor-widget-wrap elementor-element-populated\">\n\t\t\t\t\t\t<div class=\"elementor-element elementor-element-54db29de sc_fly_static elementor-widget elementor-widget-text-editor\" data-id=\"54db29de\" data-element_type=\"widget\" data-e-type=\"widget\" data-widget_type=\"text-editor.default\">\n\t\t\t\t<div class=\"elementor-widget-container\">\n\t\t\t\t\t\t\t\t\t<h5>1. Andmete t\u00f6\u00f6tlemine veebilehel<\/h5>\n<p>theophany.ee veebilehel registreerimisel ja \u00fclekande tegemisel salvestab theophany.ee veebilehe k\u00fclastaja isikuandmed (ees- ja perekonnanimi, e-posti aadress ja kontakttelefoninumber) ning kogu teabe tehtud \u00fclekannete kohta. <\/p>\n<p>theophany.ee k\u00e4sitab k\u00f5iki veebilehe k\u00fclastajalt edastamise k\u00e4igus kogutud andmeid isikuandmetena ja k\u00e4sitleb neid konfidentsiaalsena vastavalt isikuandmete t\u00f6\u00f6tlemise seadusele <\/p>\n<p>theophany.ee ei anna saadud andmeid edasi kolmandatele isikutele, v\u00e4lja arvatud minimaalsed andmed, mis on vajalikud kauba k\u00e4ttetoimetamise korraldamiseks. (theophany.ee ostude puhul)<\/p>\n<p>Kr\u00fcpteeritud andmeside kasutamine theophany.ee ja pankade vahel tagab, et \u00fckski volitamata isik ei p\u00e4\u00e4se ligi veebilehe k\u00fclastaja isiklikele pangandusandmetele.<\/p>\n<p>Veebisaidi k\u00fclastajal on \u00f5igus tutvuda theophany.ee-i valduses olevate andmetega ja keelata nende edasine t\u00f6\u00f6tlemine.<\/p>\n\t\t\t\t\t\t\t\t<\/div>\n\t\t\t\t<\/div>\n\t\t\t\t\t<\/div>\n\t\t<\/div>\n\t\t\t\t\t<\/div>\n\t\t<\/section>\n\t\t\t\t<section class=\"elementor-section elementor-top-section elementor-element elementor-element-7ef86bc8 elementor-section-boxed elementor-section-height-default elementor-section-height-default sc_fly_static\" data-id=\"7ef86bc8\" data-element_type=\"section\" data-e-type=\"section\">\n\t\t\t\t\t\t<div class=\"elementor-container elementor-column-gap-extended\">\n\t\t\t\t\t<div class=\"elementor-column elementor-col-100 elementor-top-column elementor-element elementor-element-19372eea sc_content_align_inherit sc_layouts_column_icons_position_left sc_fly_static\" data-id=\"19372eea\" data-element_type=\"column\" data-e-type=\"column\">\n\t\t\t<div class=\"elementor-widget-wrap elementor-element-populated\">\n\t\t\t\t\t\t<div class=\"elementor-element elementor-element-690b98ed sc_fly_static elementor-widget elementor-widget-spacer\" data-id=\"690b98ed\" data-element_type=\"widget\" data-e-type=\"widget\" data-widget_type=\"spacer.default\">\n\t\t\t\t<div class=\"elementor-widget-container\">\n\t\t\t\t\t\t\t<div class=\"elementor-spacer\">\n\t\t\t<div class=\"elementor-spacer-inner\"><\/div>\n\t\t<\/div>\n\t\t\t\t\t\t<\/div>\n\t\t\t\t<\/div>\n\t\t\t\t\t<\/div>\n\t\t<\/div>\n\t\t\t\t\t<\/div>\n\t\t<\/section>\n\t\t\t\t<section class=\"elementor-section elementor-top-section elementor-element elementor-element-a2ec18c elementor-section-boxed elementor-section-height-default elementor-section-height-default sc_fly_static\" data-id=\"a2ec18c\" data-element_type=\"section\" data-e-type=\"section\" data-settings=\"{&quot;background_background&quot;:&quot;classic&quot;}\">\n\t\t\t\t\t\t<div class=\"elementor-container elementor-column-gap-extended\">\n\t\t\t\t\t<div class=\"elementor-column elementor-col-100 elementor-top-column elementor-element elementor-element-e4f67bc sc_content_align_inherit sc_layouts_column_icons_position_left sc_fly_static\" data-id=\"e4f67bc\" data-element_type=\"column\" data-e-type=\"column\">\n\t\t\t<div class=\"elementor-widget-wrap elementor-element-populated\">\n\t\t\t\t\t\t<div class=\"elementor-element elementor-element-fc87c00 sc_fly_static elementor-widget elementor-widget-text-editor\" data-id=\"fc87c00\" data-element_type=\"widget\" data-e-type=\"widget\" data-widget_type=\"text-editor.default\">\n\t\t\t\t<div class=\"elementor-widget-container\">\n\t\t\t\t\t\t\t\t\t<h5>2. Sotsiaalmeedia andmete t\u00f6\u00f6tlemine Koos eesm\u00e4rkidele <\/h5>\n<p>\u00dcheskoos eesm\u00e4rkideni on aktiivne ja suhtleb sotsiaalmeedias: Facebook, Instagram, Twitter jne.<br \/>Kogu teavet, mida kogutakse suhtlemisel ja andmete saamisel sotsiaallehtede k\u00fclastajalt, t\u00f6\u00f6deldakse vastavalt andmet\u00f6\u00f6tlusele aadressil theophany.ee<\/p>\n\t\t\t\t\t\t\t\t<\/div>\n\t\t\t\t<\/div>\n\t\t\t\t\t<\/div>\n\t\t<\/div>\n\t\t\t\t\t<\/div>\n\t\t<\/section>\n\t\t\t\t<section class=\"elementor-section elementor-top-section elementor-element elementor-element-62204097 elementor-section-boxed elementor-section-height-default elementor-section-height-default sc_fly_static\" data-id=\"62204097\" data-element_type=\"section\" data-e-type=\"section\">\n\t\t\t\t\t\t<div class=\"elementor-container elementor-column-gap-extended\">\n\t\t\t\t\t<div class=\"elementor-column elementor-col-100 elementor-top-column elementor-element elementor-element-2a4d759c sc_content_align_inherit sc_layouts_column_icons_position_left sc_fly_static\" data-id=\"2a4d759c\" data-element_type=\"column\" data-e-type=\"column\">\n\t\t\t<div class=\"elementor-widget-wrap elementor-element-populated\">\n\t\t\t\t\t\t<div class=\"elementor-element elementor-element-3ee1a1c6 sc_fly_static elementor-widget elementor-widget-spacer\" data-id=\"3ee1a1c6\" data-element_type=\"widget\" data-e-type=\"widget\" data-widget_type=\"spacer.default\">\n\t\t\t\t<div class=\"elementor-widget-container\">\n\t\t\t\t\t\t\t<div class=\"elementor-spacer\">\n\t\t\t<div class=\"elementor-spacer-inner\"><\/div>\n\t\t<\/div>\n\t\t\t\t\t\t<\/div>\n\t\t\t\t<\/div>\n\t\t\t\t\t<\/div>\n\t\t<\/div>\n\t\t\t\t\t<\/div>\n\t\t<\/section>\n\t\t\t\t<section class=\"elementor-section elementor-top-section elementor-element elementor-element-75f77bac elementor-section-boxed elementor-section-height-default elementor-section-height-default sc_fly_static\" data-id=\"75f77bac\" data-element_type=\"section\" data-e-type=\"section\" data-settings=\"{&quot;background_background&quot;:&quot;classic&quot;}\">\n\t\t\t\t\t\t<div class=\"elementor-container elementor-column-gap-extended\">\n\t\t\t\t\t<div class=\"elementor-column elementor-col-100 elementor-top-column elementor-element elementor-element-6df00861 sc_content_align_inherit sc_layouts_column_icons_position_left sc_fly_static\" data-id=\"6df00861\" data-element_type=\"column\" data-e-type=\"column\">\n\t\t\t<div class=\"elementor-widget-wrap elementor-element-populated\">\n\t\t\t\t\t\t<div class=\"elementor-element elementor-element-682fffa sc_fly_static elementor-widget elementor-widget-text-editor\" data-id=\"682fffa\" data-element_type=\"widget\" data-e-type=\"widget\" data-widget_type=\"text-editor.default\">\n\t\t\t\t<div class=\"elementor-widget-container\">\n\t\t\t\t\t\t\t\t\t<h5>3. \u00dclekannete ja maksete turvalisus<\/h5>\n<p>Annetusi ja \u00fclekandeid saab teha veebilehe togethertogoals.com kaudu EveryPay \/ Paypal \/ Stripe internetipanga lingi kaudu ja otse\u00fclekandena MPE\u00d5K J\u00f5hvi Jumalailmumise Kogudus kontole LHV pangas. <\/p>\n<p>theophany.ee teeb koost\u00f6\u00f6d k\u00f5ige usaldusv\u00e4\u00e4rsemate makses\u00fcsteemide ja pankadega Eestis ja kogu maailmas! <\/p>\n<p>K\u00f5iki raha\u00fclekandeid teenindavad pankade ja finantsteenuste makses\u00fcsteemid (Paypal ja teised, mida me teie mugavuse huvides kasutame).<\/p>\n\t\t\t\t\t\t\t\t<\/div>\n\t\t\t\t<\/div>\n\t\t\t\t\t<\/div>\n\t\t<\/div>\n\t\t\t\t\t<\/div>\n\t\t<\/section>\n\t\t\t\t<section class=\"elementor-section elementor-top-section elementor-element elementor-element-7b76c68 elementor-section-boxed elementor-section-height-default elementor-section-height-default sc_fly_static\" data-id=\"7b76c68\" data-element_type=\"section\" data-e-type=\"section\">\n\t\t\t\t\t\t<div class=\"elementor-container elementor-column-gap-extended\">\n\t\t\t\t\t<div class=\"elementor-column elementor-col-100 elementor-top-column elementor-element elementor-element-d03c4cd sc_content_align_inherit sc_layouts_column_icons_position_left sc_fly_static\" data-id=\"d03c4cd\" data-element_type=\"column\" data-e-type=\"column\">\n\t\t\t<div class=\"elementor-widget-wrap elementor-element-populated\">\n\t\t\t\t\t\t<div class=\"elementor-element elementor-element-64b42f9 sc_height_huge sc_fly_static elementor-widget elementor-widget-spacer\" data-id=\"64b42f9\" data-element_type=\"widget\" data-e-type=\"widget\" data-widget_type=\"spacer.default\">\n\t\t\t\t<div class=\"elementor-widget-container\">\n\t\t\t\t\t\t\t<div class=\"elementor-spacer\">\n\t\t\t<div class=\"elementor-spacer-inner\"><\/div>\n\t\t<\/div>\n\t\t\t\t\t\t<\/div>\n\t\t\t\t<\/div>\n\t\t\t\t\t<\/div>\n\t\t<\/div>\n\t\t\t\t\t<\/div>\n\t\t<\/section>\n\t\t\t\t<\/div>\n\t\t","protected":false},"excerpt":{"rendered":"<p>1. Andmete t\u00f6\u00f6tlemine veebilehel theophany.ee veebilehel registreerimisel ja \u00fclekande tegemisel salvestab theophany.ee veebilehe k\u00fclastaja isikuandmed (ees- ja perekonnanimi, e-posti aadress ja kontakttelefoninumber) ning kogu teabe tehtud \u00fclekannete kohta. theophany.ee k\u00e4sitab&hellip;<\/p>\n","protected":false},"author":1,"featured_media":0,"parent":0,"menu_order":0,"comment_status":"closed","ping_status":"closed","template":"","meta":{"give_campaign_id":0,"footnotes":""},"class_list":["post-24972","page","type-page","status-publish","hentry"],"campaignId":"","_links":{"self":[{"href":"https:\/\/theophany.ee\/et\/wp-json\/wp\/v2\/pages\/24972","targetHints":{"allow":["GET"]}}],"collection":[{"href":"https:\/\/theophany.ee\/et\/wp-json\/wp\/v2\/pages"}],"about":[{"href":"https:\/\/theophany.ee\/et\/wp-json\/wp\/v2\/types\/page"}],"author":[{"embeddable":true,"href":"https:\/\/theophany.ee\/et\/wp-json\/wp\/v2\/users\/1"}],"replies":[{"embeddable":true,"href":"https:\/\/theophany.ee\/et\/wp-json\/wp\/v2\/comments?post=24972"}],"version-history":[{"count":2,"href":"https:\/\/theophany.ee\/et\/wp-json\/wp\/v2\/pages\/24972\/revisions"}],"predecessor-version":[{"id":24977,"href":"https:\/\/theophany.ee\/et\/wp-json\/wp\/v2\/pages\/24972\/revisions\/24977"}],"wp:attachment":[{"href":"https:\/\/theophany.ee\/et\/wp-json\/wp\/v2\/media?parent=24972"}],"curies":[{"name":"wp","href":"https:\/\/api.w.org\/{rel}","templated":true}]}}